{"id":331,"date":"2024-06-06T19:16:56","date_gmt":"2024-06-06T19:16:56","guid":{"rendered":"https:\/\/capersindustries.com\/?page_id=331"},"modified":"2024-06-06T19:59:21","modified_gmt":"2024-06-06T19:59:21","slug":"presentation","status":"publish","type":"page","link":"https:\/\/capersindustries.com\/?page_id=331","title":{"rendered":"Pr\u00e9sentation"},"content":{"rendered":"\n<p class=\"has-white-color has-text-color has-background has-link-color wp-elements-c68df9154f2def3341cdef8dc2a4f320\" id=\"block-f47d2e12-2395-4a37-af9b-38077451268f\" style=\"background:linear-gradient(95deg,rgb(6,147,227) 0%,rgb(153,223,254) 100%);font-size:32px\">                   CAPERS INDUSTRIES S.A.R.L est une Entreprise de droit S\u00e9n\u00e9galais bas\u00e9e \u00e0 Dakar et est fond\u00e9e par les meilleures sp\u00e9cialistes des m\u00e9tiers du sablage et de la peinture industrielle, Peinture B\u00e2timent, Rev\u00eatement Sol, Calorifugeage &amp; Chaudronnerie.<\/p>\n\n\n\n<p class=\"has-white-color has-text-color has-background has-link-color wp-elements-3876946adff25418dde4bc8506072348\" id=\"block-574e5ab2-6dc9-408f-aa6b-2523225a8025\" style=\"background:linear-gradient(87deg,rgb(6,147,227) 0%,rgb(153,223,254) 100%);font-size:32px\">Nos activit\u00e9s tournent essentiellement autour de :<\/p>\n\n\n\n<ul style=\"background:linear-gradient(108deg,rgb(6,147,227) 0%,rgb(153,223,254) 100%)\" id=\"block-f2a94b72-e84b-4628-9712-9d7d3e09dc45\" class=\"has-white-color has-text-color has-background has-link-color wp-block-list wp-elements-4faa6c5c483b6e885c86bfa3cae239b6\">\n<li style=\"font-size:32px;font-style:normal;font-weight:400\">Travaux de sablage, Peinture Industrielle &amp; B\u00e2timent<\/li>\n\n\n\n<li style=\"font-size:32px;font-style:normal;font-weight:400\">Traitement et Rev\u00eatement sol en \u00e9poxy<\/li>\n\n\n\n<li style=\"font-size:32px;font-style:normal;font-weight:400\">Calorifugeage (isolation Thermique)<\/li>\n\n\n\n<li style=\"font-size:32px;font-style:normal;font-weight:400\">Chaudronnerie<\/li>\n\n\n\n<li style=\"font-size:32px;font-style:normal;font-weight:400\">Tuyauterie<\/li>\n\n\n\n<li style=\"font-size:32px;font-style:normal;font-weight:400\">Cuvelage<\/li>\n\n\n\n<li style=\"font-size:32px;font-style:normal;font-weight:400\">Montage Industries, clef en Main<\/li>\n<\/ul>\n","protected":false},"excerpt":{"rendered":"<p>CAPERS INDUSTRIES S.A.R.L est une Entreprise de droit S\u00e9n\u00e9galais bas\u00e9e \u00e0 Dakar et est fond\u00e9e par les meilleures sp\u00e9cialistes des m\u00e9tiers du sablage et de la peinture industrielle, Peinture B\u00e2timent, Rev\u00eatement Sol, Calorifugeage &amp; Chaudronnerie. Nos activit\u00e9s tournent essentiellement autour de :<\/p>\n","protected":false},"author":1,"featured_media":103,"parent":0,"menu_order":0,"comment_status":"closed","ping_status":"closed","template":"","meta":{"_seopress_robots_primary_cat":"","_seopress_titles_title":"","_seopress_titles_desc":"","_seopress_robots_index":"","footnotes":""},"class_list":["post-331","page","type-page","status-publish","has-post-thumbnail","hentry"],"_links":{"self":[{"href":"https:\/\/capersindustries.com\/index.php?rest_route=\/wp\/v2\/pages\/331","targetHints":{"allow":["GET"]}}],"collection":[{"href":"https:\/\/capersindustries.com\/index.php?rest_route=\/wp\/v2\/pages"}],"about":[{"href":"https:\/\/capersindustries.com\/index.php?rest_route=\/wp\/v2\/types\/page"}],"author":[{"embeddable":true,"href":"https:\/\/capersindustries.com\/index.php?rest_route=\/wp\/v2\/users\/1"}],"replies":[{"embeddable":true,"href":"https:\/\/capersindustries.com\/index.php?rest_route=%2Fwp%2Fv2%2Fcomments&post=331"}],"version-history":[{"count":8,"href":"https:\/\/capersindustries.com\/index.php?rest_route=\/wp\/v2\/pages\/331\/revisions"}],"predecessor-version":[{"id":344,"href":"https:\/\/capersindustries.com\/index.php?rest_route=\/wp\/v2\/pages\/331\/revisions\/344"}],"wp:featuredmedia":[{"embeddable":true,"href":"https:\/\/capersindustries.com\/index.php?rest_route=\/wp\/v2\/media\/103"}],"wp:attachment":[{"href":"https:\/\/capersindustries.com\/index.php?rest_route=%2Fwp%2Fv2%2Fmedia&parent=331"}],"curies":[{"name":"wp","href":"https:\/\/api.w.org\/{rel}","templated":true}]}}